{"id":2,"date":"2015-02-05T13:06:29","date_gmt":"2015-02-05T13:06:29","guid":{"rendered":"http:\/\/37.187.216.161\/planoisaccueil\/?page_id=2"},"modified":"2017-10-12T13:10:11","modified_gmt":"2017-10-12T13:10:11","slug":"blog","status":"publish","type":"page","link":"http:\/\/www.estb.be\/primaire4b\/","title":{"rendered":"4B Primaire"},"content":{"rendered":"<ul class=\"display-posts-listing\"><li class=\"listing-item\"><a class=\"title\" href=\"http:\/\/www.estb.be\/primaire4b\/2021\/12\/17\/capsciences\/\">Cap&rsquo;Sciences<\/a> <span class=\"excerpt-dash\">-<\/span> <span class=\"excerpt\">Une animatrice de chez Cap&rsquo;Sciences est venue dans notre classe nous parler des d\u00e9chets. Encore direz-vous ! Mais elle, gr\u00e2ce \u00e0 des exp\u00e9riences, elle nous a montr\u00e9 tout ce que \u00e7a impliquait pour notre plan\u00e8te. Une animation riche en d\u00e9couvertes&#8230; nous avons m\u00eame fabriqu\u00e9 notre propre feuille de papier.<\/span><\/li><li class=\"listing-item\"><a class=\"title\" href=\"http:\/\/www.estb.be\/primaire4b\/2021\/12\/17\/jouer-pour-apprendre-ou-apprendre-en-jouant\/\">Jouer pour apprendre ou apprendre en jouant ?!?<\/a> <span class=\"excerpt-dash\">-<\/span> <span class=\"excerpt\">Avec ou sans masque, les \u00e9l\u00e8ves apprennent en s&rsquo;amusant et finalement&#8230; c&rsquo;est \u00e7a qui compte&#8230;<\/span><\/li><li class=\"listing-item\"><a class=\"title\" href=\"http:\/\/www.estb.be\/primaire4b\/2021\/12\/17\/les-anniversaires-de-la-periode-2\/\">Les anniversaires de la p\u00e9riode 2<\/a><\/li><li class=\"listing-item\"><a class=\"title\" href=\"http:\/\/www.estb.be\/primaire4b\/2021\/11\/09\/les-recup_erables\/\">Les R\u00e9cup&rsquo;_\u00e9rables<\/a> <span class=\"excerpt-dash\">-<\/span> <span class=\"excerpt\">Ils avaient 1 mois pour cr\u00e9er un jeu solide avec des d\u00e9chets ou du mat\u00e9riel de r\u00e9cup\u00e9ration&#8230; ils ne pouvaient rien acheter. Les \u00e9l\u00e8ves de 4e se sont surpass\u00e9s&#8230; BRAVO pour les magnifiques r\u00e9alisations et MERCI pour la belle apr\u00e8s-midi r\u00e9cr\u00e9ative.<\/span><\/li><li class=\"listing-item\"><a class=\"title\" href=\"http:\/\/www.estb.be\/primaire4b\/2021\/10\/28\/travailler-autrement\/\">Travailler autrement<\/a> <span class=\"excerpt-dash\">-<\/span> <span class=\"excerpt\">Dans notre classe, on apprend parfois avec d&rsquo;autres outils&#8230; ou \u00e0 d&rsquo;autres endroits&#8230;<\/span><\/li><li class=\"listing-item\"><a class=\"title\" href=\"http:\/\/www.estb.be\/primaire4b\/2021\/10\/28\/les-anniversaires-de-la-periode\/\">Les anniversaires de la p\u00e9riode<\/a><\/li><li class=\"listing-item\"><a class=\"title\" href=\"http:\/\/www.estb.be\/primaire4b\/2021\/10\/28\/a-la-decouverte-de-la-belgique-partie-1\/\">A la d\u00e9couverte de la Belgique&#8230;<\/a> <span class=\"excerpt-dash\">-<\/span> <span class=\"excerpt\">Voici la 1e partie de notre tour de Belgique. Quelques activit\u00e9s en lien et d\u00e9couverte des cartes&#8230;<\/span><\/li><li class=\"listing-item\"><a class=\"title\" href=\"http:\/\/www.estb.be\/primaire4b\/2021\/10\/28\/escape-game\/\">Escape Game<\/a><\/li><li class=\"listing-item\"><a class=\"title\" href=\"http:\/\/www.estb.be\/primaire4b\/2021\/09\/08\/promenade-a-la-source\/\">Promenade \u00e0 la source&#8230;<\/a> <span class=\"excerpt-dash\">-<\/span> <span class=\"excerpt\">Ce mardi, sous un magnifique soleil, les \u00e9l\u00e8ves de 4e primaire ont chauss\u00e9 leurs bottines et sont partis sur les hauteurs de Biesme. Leur objectif ? Observer de plus pr\u00e8s une source et comprendre le trajet naturel de l&rsquo;eau. Apr\u00e8s une marche de 4km en lisant une carte, ils sont arriv\u00e9s au bois rue Rosimbois. [&hellip;]<\/span><\/li><\/ul>\n","protected":false},"excerpt":{"rendered":"","protected":false},"author":1,"featured_media":0,"parent":0,"menu_order":0,"comment_status":"closed","ping_status":"closed","template":"","meta":[],"_links":{"self":[{"href":"http:\/\/www.estb.be\/primaire4b\/wp-json\/wp\/v2\/pages\/2"}],"collection":[{"href":"http:\/\/www.estb.be\/primaire4b\/wp-json\/wp\/v2\/pages"}],"about":[{"href":"http:\/\/www.estb.be\/primaire4b\/wp-json\/wp\/v2\/types\/page"}],"author":[{"embeddable":true,"href":"http:\/\/www.estb.be\/primaire4b\/wp-json\/wp\/v2\/users\/1"}],"replies":[{"embeddable":true,"href":"http:\/\/www.estb.be\/primaire4b\/wp-json\/wp\/v2\/comments?post=2"}],"version-history":[{"count":0,"href":"http:\/\/www.estb.be\/primaire4b\/wp-json\/wp\/v2\/pages\/2\/revisions"}],"wp:attachment":[{"href":"http:\/\/www.estb.be\/primaire4b\/wp-json\/wp\/v2\/media?parent=2"}],"curies":[{"name":"wp","href":"https:\/\/api.w.org\/{rel}","templated":true}]}}