{"id":2,"date":"2015-02-05T13:06:29","date_gmt":"2015-02-05T13:06:29","guid":{"rendered":"http:\/\/37.187.216.161\/planoisaccueil\/?page_id=2"},"modified":"2017-10-12T13:09:19","modified_gmt":"2017-10-12T13:09:19","slug":"blog","status":"publish","type":"page","link":"http:\/\/www.estb.be\/primaire4a\/","title":{"rendered":"4A Primaire"},"content":{"rendered":"<ul class=\"display-posts-listing\"><li class=\"listing-item\"><a class=\"title\" href=\"http:\/\/www.estb.be\/primaire4a\/2021\/11\/09\/les-recup_erables\/\">Les R\u00e9cup&rsquo;_\u00e9rables<\/a> <span class=\"excerpt-dash\">-<\/span> <span class=\"excerpt\">Ils avaient un mois pour cr\u00e9er un jeu solides avec des d\u00e9chets et du mat\u00e9riel de r\u00e9cup\u00e9ration. Ils ne pouvaient rien acheter&#8230; et ils se sont surpass\u00e9s !<\/span><\/li><\/ul>\n","protected":false},"excerpt":{"rendered":"","protected":false},"author":1,"featured_media":0,"parent":0,"menu_order":0,"comment_status":"closed","ping_status":"closed","template":"","meta":[],"_links":{"self":[{"href":"http:\/\/www.estb.be\/primaire4a\/wp-json\/wp\/v2\/pages\/2"}],"collection":[{"href":"http:\/\/www.estb.be\/primaire4a\/wp-json\/wp\/v2\/pages"}],"about":[{"href":"http:\/\/www.estb.be\/primaire4a\/wp-json\/wp\/v2\/types\/page"}],"author":[{"embeddable":true,"href":"http:\/\/www.estb.be\/primaire4a\/wp-json\/wp\/v2\/users\/1"}],"replies":[{"embeddable":true,"href":"http:\/\/www.estb.be\/primaire4a\/wp-json\/wp\/v2\/comments?post=2"}],"version-history":[{"count":0,"href":"http:\/\/www.estb.be\/primaire4a\/wp-json\/wp\/v2\/pages\/2\/revisions"}],"wp:attachment":[{"href":"http:\/\/www.estb.be\/primaire4a\/wp-json\/wp\/v2\/media?parent=2"}],"curies":[{"name":"wp","href":"https:\/\/api.w.org\/{rel}","templated":true}]}}