{"id":2,"date":"2015-02-05T13:06:29","date_gmt":"2015-02-05T13:06:29","guid":{"rendered":"http:\/\/37.187.216.161\/planoisaccueil\/?page_id=2"},"modified":"2019-11-08T09:54:13","modified_gmt":"2019-11-08T09:54:13","slug":"blog","status":"publish","type":"page","link":"http:\/\/www.estb.be\/primaire2b\/","title":{"rendered":"2B Primaire"},"content":{"rendered":"<ul class=\"display-posts-listing\"><li class=\"listing-item\"><a class=\"title\" href=\"http:\/\/www.estb.be\/primaire2b\/2022\/05\/23\/visite-de-la-police-federale\/\">Visite de la police f\u00e9d\u00e9rale<\/a><\/li><li class=\"listing-item\"><a class=\"title\" href=\"http:\/\/www.estb.be\/primaire2b\/2022\/03\/18\/le-moyen-age\/\">Le Moyen &#8211; Age<\/a> <span class=\"excerpt-dash\">-<\/span> <span class=\"excerpt\">Nous travaillons actuellement sur le Moyen-Age. Les enfants lisent des documents et des livres pour se renseigner et pour apprendre des choses. Avec tout ce qu&rsquo;ils ont d\u00e9couvert, ils ont pr\u00e9par\u00e9 des affiches pour expliquer aux copains leurs d\u00e9couvertes \ud83d\ude42 Maintenant, nous connaissons mieux cette p\u00e9riode de l&rsquo;histoire \ud83d\ude42<\/span><\/li><li class=\"listing-item\"><a class=\"title\" href=\"http:\/\/www.estb.be\/primaire2b\/2022\/03\/14\/la-journee-du-pyjama\/\">La journ\u00e9e du pyjama<\/a> <span class=\"excerpt-dash\">-<\/span> <span class=\"excerpt\">Ce vendredi 11 mars, nous avons port\u00e9 notre plus beau pyjama en solidarit\u00e9 aux enfants malades. Un chouette projet qui nous tenait \u00e0 c\u0153ur.<\/span><\/li><li class=\"listing-item\"><a class=\"title\" href=\"http:\/\/www.estb.be\/primaire2b\/2022\/03\/07\/balade\/\">Balade<\/a> <span class=\"excerpt-dash\">-<\/span> <span class=\"excerpt\">Petite balade du jour avec la classe de Madame M\u00e9lanie \ud83d\ude42<\/span><\/li><li class=\"listing-item\"><a class=\"title\" href=\"http:\/\/www.estb.be\/primaire2b\/2022\/02\/18\/les-100-jours\/\">Les 100 jours<\/a> <span class=\"excerpt-dash\">-<\/span> <span class=\"excerpt\">Ce vendredi 18 f\u00e9vrier, nous avons f\u00eat\u00e9 les 100 jours d&rsquo;\u00e9cole \ud83d\ude42 Les enfants ont r\u00e9alis\u00e9 des collections de 100, elles \u00e9taient magnifiques \ud83d\ude42<\/span><\/li><li class=\"listing-item\"><a class=\"title\" href=\"http:\/\/www.estb.be\/primaire2b\/2022\/02\/02\/la-chandeleur\/\">La Chandeleur<\/a> <span class=\"excerpt-dash\">-<\/span> <span class=\"excerpt\">Ce 2 f\u00e9vrier, nous avons cuisin\u00e9 et d\u00e9gust\u00e9 des cr\u00eapes \ud83d\ude42<\/span><\/li><li class=\"listing-item\"><a class=\"title\" href=\"http:\/\/www.estb.be\/primaire2b\/2022\/01\/31\/a-la-decouverte-des-angles-droits\/\">A la d\u00e9couverte des angles droits<\/a> <span class=\"excerpt-dash\">-<\/span> <span class=\"excerpt\">Aujourd&rsquo;hui, nous avons fait des angles droits&#8230; avec notre corps \ud83d\ude42<\/span><\/li><li class=\"listing-item\"><a class=\"title\" href=\"http:\/\/www.estb.be\/primaire2b\/2022\/01\/24\/balade-avec-la-classe-de-madame-melanie\/\">Balade avec la classe de Madame M\u00e9lanie<\/a> <span class=\"excerpt-dash\">-<\/span> <span class=\"excerpt\">Aujourd&rsquo;hui, nous sommes partis en balade avec la classe de Madame M\u00e9lanie. Les grands \u00e9taient responsables d&rsquo;un petit, c&rsquo;\u00e9tait un bel \u00e9change \ud83d\ude42 De plus, nous avons profit\u00e9 de cette balade pour chercher des disques. Apprendre en s&rsquo;amusant, c&rsquo;est toujours plus chouette \ud83d\ude42<\/span><\/li><li class=\"listing-item\"><a class=\"title\" href=\"http:\/\/www.estb.be\/primaire2b\/2022\/01\/10\/epiphanie\/\">Epiphanie \ud83d\ude42<\/a> <span class=\"excerpt-dash\">-<\/span> <span class=\"excerpt\">Aujourd&rsquo;hui, nous avons d\u00e9gust\u00e9 la galette des rois ! \ud83d\ude42 La reine de notre classe est Faustine et le roi de notre classe est Mathis \ud83d\ude42<\/span><\/li><li class=\"listing-item\"><a class=\"title\" href=\"http:\/\/www.estb.be\/primaire2b\/2021\/12\/20\/notre-chorale-de-noel\/\">Notre chorale de No\u00ebl<\/a><\/li><li class=\"listing-item\"><a class=\"title\" href=\"http:\/\/www.estb.be\/primaire2b\/2021\/12\/17\/la-journee-de-noel\/\">La journ\u00e9e de No\u00ebl \ud83d\ude42<\/a> <span class=\"excerpt-dash\">-<\/span> <span class=\"excerpt\">Ce vendredi 17 d\u00e9cembre, c&rsquo;\u00e9tait une journ\u00e9e festive. Au programme ; chorale, bricolage de No\u00ebl et go\u00fbter \ud83d\ude42 C&rsquo;\u00e9tait une chouette journ\u00e9e \ud83d\ude42<\/span><\/li><li class=\"listing-item\"><a class=\"title\" href=\"http:\/\/www.estb.be\/primaire2b\/2021\/12\/03\/bricolage-pour-saint-nicolas\/\">Bricolage pour saint Nicolas<\/a><\/li><li class=\"listing-item\"><a class=\"title\" href=\"http:\/\/www.estb.be\/primaire2b\/2021\/10\/26\/on-mene-lenquete\/\">On m\u00e8ne l&rsquo;enqu\u00eate \ud83d\ude42<\/a> <span class=\"excerpt-dash\">-<\/span> <span class=\"excerpt\">L&rsquo;inspecteur Lafouine avait besoin d&rsquo;aide pour r\u00e9soudre une enqu\u00eate. Nous l&rsquo;avons donc aid\u00e9 et nous avons r\u00e9ussi !! \ud83d\ude42<\/span><\/li><li class=\"listing-item\"><a class=\"title\" href=\"http:\/\/www.estb.be\/primaire2b\/2021\/10\/07\/messe-de-rentree-p1-p2\/\">Messe de rentr\u00e9e (P1\/P2)<\/a><\/li><li class=\"listing-item\"><a class=\"title\" href=\"http:\/\/www.estb.be\/primaire2b\/2021\/09\/25\/notre-rentree\/\">Notre rentr\u00e9e \ud83d\ude42<\/a><\/li><li class=\"listing-item\"><a class=\"title\" href=\"http:\/\/www.estb.be\/primaire2b\/2021\/09\/25\/un-chat-a-la-maniere-daldemir-martins\/\">Un chat \u00e0 la mani\u00e8re d&rsquo;Aldemir Martins \ud83d\ude42<\/a><\/li><\/ul>\n","protected":false},"excerpt":{"rendered":"","protected":false},"author":1,"featured_media":0,"parent":0,"menu_order":0,"comment_status":"closed","ping_status":"closed","template":"","meta":[],"_links":{"self":[{"href":"http:\/\/www.estb.be\/primaire2b\/wp-json\/wp\/v2\/pages\/2"}],"collection":[{"href":"http:\/\/www.estb.be\/primaire2b\/wp-json\/wp\/v2\/pages"}],"about":[{"href":"http:\/\/www.estb.be\/primaire2b\/wp-json\/wp\/v2\/types\/page"}],"author":[{"embeddable":true,"href":"http:\/\/www.estb.be\/primaire2b\/wp-json\/wp\/v2\/users\/1"}],"replies":[{"embeddable":true,"href":"http:\/\/www.estb.be\/primaire2b\/wp-json\/wp\/v2\/comments?post=2"}],"version-history":[{"count":1,"href":"http:\/\/www.estb.be\/primaire2b\/wp-json\/wp\/v2\/pages\/2\/revisions"}],"predecessor-version":[{"id":575,"href":"http:\/\/www.estb.be\/primaire2b\/wp-json\/wp\/v2\/pages\/2\/revisions\/575"}],"wp:attachment":[{"href":"http:\/\/www.estb.be\/primaire2b\/wp-json\/wp\/v2\/media?parent=2"}],"curies":[{"name":"wp","href":"https:\/\/api.w.org\/{rel}","templated":true}]}}