{"id":2,"date":"2015-02-05T13:06:29","date_gmt":"2015-02-05T13:06:29","guid":{"rendered":"http:\/\/37.187.216.161\/planoisaccueil\/?page_id=2"},"modified":"2015-03-18T20:39:56","modified_gmt":"2015-03-18T20:39:56","slug":"blog","status":"publish","type":"page","link":"http:\/\/www.estb.be\/planoisaccueil-m1\/","title":{"rendered":"Planois &#8211; Accueil et 1\u00e8re Maternelle"},"content":{"rendered":"<div class=\"couleur\">\n<ul class=\"display-posts-listing\"><li class=\"listing-item\"><a class=\"title\" href=\"http:\/\/www.estb.be\/planoisaccueil-m1\/2023\/04\/26\/nos-decouvertes-et-visites-en-mars-et-avril\/\">Nos d\u00e9couvertes et visites en mars et avril<\/a> <span class=\"excerpt-dash\">-<\/span> <span class=\"excerpt\">Nous avons \u00e9t\u00e9 bien occup\u00e9s durant ces 2 mois. Nous sommes tout d&rsquo;abord all\u00e9s visiter l&rsquo;Eglise de notre village, l&rsquo;Eglise Saint-Martin o\u00f9 nous avons fait la connaissance de Mr l&rsquo;Abb\u00e9 Vancauwenberghe. Celui-ci nous a fait d\u00e9couvrir le Choeur, la crypte, la sacristie, donn\u00e9 des explications sur la signification des vitraux et pour cl\u00f4turer notre visite, [&hellip;]<\/span><\/li><li class=\"listing-item\"><a class=\"title\" href=\"http:\/\/www.estb.be\/planoisaccueil-m1\/2023\/02\/25\/fevrier-2023\/\">F\u00e9vrier 2023<\/a> <span class=\"excerpt-dash\">-<\/span> <span class=\"excerpt\">Durant ce mois de f\u00e9vrier, nous avons f\u00eat\u00e9 Z\u00e9lie , 5 ans et Tom, 6 ans !!! Nous avons aussi bien s\u00fbr f\u00eat\u00e9 la chandeleur et nous avons m\u00eame cuit nos cr\u00eapes nous -m\u00eames, avec l&rsquo;aide de Mme Audrey Le mardi 30 janvier, nous avions re\u00e7u la visite du Nonno de Baptiste avec qui nous [&hellip;]<\/span><\/li><li class=\"listing-item\"><a class=\"title\" href=\"http:\/\/www.estb.be\/planoisaccueil-m1\/2023\/02\/05\/janvier-2023\/\">Janvier 2023<\/a> <span class=\"excerpt-dash\">-<\/span> <span class=\"excerpt\">9 janvier, nous rentrons \u00e0 l&rsquo;\u00e9cole apr\u00e8s 15 jours de vacances. Certains \u00e9taient absents le vendredi 23 et n&rsquo;ont donc pas re\u00e7u leur cadeau offert par un copain. Les voici Ensuite, pr\u00e9paration de galettes des rois. Miam Miam&#8230;.. Demain, les \u00e9l\u00e8ves de Mme Marine ( 3i\u00e8me primaire) viennent pr\u00e8s de nous pour nous lire des [&hellip;]<\/span><\/li><li class=\"listing-item\"><a class=\"title\" href=\"http:\/\/www.estb.be\/planoisaccueil-m1\/2023\/01\/21\/en-decembre\/\">En d\u00e9cembre&#8230;<\/a> <span class=\"excerpt-dash\">-<\/span> <span class=\"excerpt\">Ce mois de d\u00e9cembre fut riche en rencontres, visites et f\u00eates. Voyez plut\u00f4t !!! Nous avons f\u00eat\u00e9 les 5 ans de Cristiano A partir du 5 d\u00e9cembre et jusqu&rsquo;au 16, nous avons accueilli Mme Charlotte, stagiaire de l&rsquo;HENALLUX. L&rsquo;aboutissement de son stage \u00e9tait une visite au home \u00a0\u00bb Le temps des cerises\u00a0\u00bb pour pr\u00e9senter une [&hellip;]<\/span><\/li><li class=\"listing-item\"><a class=\"title\" href=\"http:\/\/www.estb.be\/planoisaccueil-m1\/2022\/12\/12\/en-novembre\/\">En novembre&#8230;<\/a> <span class=\"excerpt-dash\">-<\/span> <span class=\"excerpt\">Voici les 2 stars du mois. Elora qui a f\u00eat\u00e9 ses 3 ans et Mme Audrey ses 32 ans. Tom nous a apport\u00e9 une recette de cake aux pommes. Nous avons mis la main \u00e0 la p\u00e2te. Apr\u00e8s avoir cuisin\u00e9 et d\u00e9gust\u00e9 notre succulent cake aux pommes, nous avons \u00e0 nouveau transform\u00e9 des pommes-de-terre. Cette [&hellip;]<\/span><\/li><li class=\"listing-item\"><a class=\"title\" href=\"http:\/\/www.estb.be\/planoisaccueil-m1\/2022\/11\/06\/en-octobre\/\">En octobre<\/a> <span class=\"excerpt-dash\">-<\/span> <span class=\"excerpt\">Nous avons commenc\u00e9 par f\u00eater les 30 ans de Mme Coraline. Nous lui avons tous offert un petit cadeau et nous avons ensuite mang\u00e9 un bon g\u00e2teau au chocolat. Quelques jours plus tard, nous avons v\u00e9cu une c\u00e9l\u00e9bration \u00e0 l&rsquo;\u00e9cole de la Couturelle avec Mr le Cur\u00e9 et les enfants de la Couturelle. Il s&rsquo;agissait [&hellip;]<\/span><\/li><li class=\"listing-item\"><a class=\"title\" href=\"http:\/\/www.estb.be\/planoisaccueil-m1\/2022\/10\/14\/notre-premier-mois-a-lecole\/\">Notre premier mois \u00e0 l&rsquo;\u00e9cole<\/a> <span class=\"excerpt-dash\">-<\/span> <span class=\"excerpt\">Rentr\u00e9e du 29 ao\u00fbt . Nous sommes tous contents de rentrer !!! Nous accueillons un nouvel \u00e9l\u00e8ve, Tom, et une nouvelle institutrice, Mme M\u00e9lanie. Mme Audrey est \u00e9galement de retour \ud83d\ude09 En septembre, nous avons f\u00eat\u00e9 2 anniversaires : Celui d&rsquo;Apolline et celui de L\u00e9na Quel bonheur de pouvoir faire quelques tours en carrousel lors [&hellip;]<\/span><\/li><\/ul>\n<\/div>\n","protected":false},"excerpt":{"rendered":"","protected":false},"author":1,"featured_media":0,"parent":0,"menu_order":0,"comment_status":"closed","ping_status":"closed","template":"","meta":[],"_links":{"self":[{"href":"http:\/\/www.estb.be\/planoisaccueil-m1\/wp-json\/wp\/v2\/pages\/2"}],"collection":[{"href":"http:\/\/www.estb.be\/planoisaccueil-m1\/wp-json\/wp\/v2\/pages"}],"about":[{"href":"http:\/\/www.estb.be\/planoisaccueil-m1\/wp-json\/wp\/v2\/types\/page"}],"author":[{"embeddable":true,"href":"http:\/\/www.estb.be\/planoisaccueil-m1\/wp-json\/wp\/v2\/users\/1"}],"replies":[{"embeddable":true,"href":"http:\/\/www.estb.be\/planoisaccueil-m1\/wp-json\/wp\/v2\/comments?post=2"}],"version-history":[{"count":1,"href":"http:\/\/www.estb.be\/planoisaccueil-m1\/wp-json\/wp\/v2\/pages\/2\/revisions"}],"predecessor-version":[{"id":114,"href":"http:\/\/www.estb.be\/planoisaccueil-m1\/wp-json\/wp\/v2\/pages\/2\/revisions\/114"}],"wp:attachment":[{"href":"http:\/\/www.estb.be\/planoisaccueil-m1\/wp-json\/wp\/v2\/media?parent=2"}],"curies":[{"name":"wp","href":"https:\/\/api.w.org\/{rel}","templated":true}]}}