{"id":2,"date":"2015-02-05T13:06:29","date_gmt":"2015-02-05T13:06:29","guid":{"rendered":"http:\/\/37.187.216.161\/planoisaccueil\/?page_id=2"},"modified":"2020-09-10T08:03:30","modified_gmt":"2020-09-10T08:03:30","slug":"blog","status":"publish","type":"page","link":"http:\/\/www.estb.be\/couturellem1b\/","title":{"rendered":"Couturelle &#8211; M1B"},"content":{"rendered":"<ul class=\"display-posts-listing\"><li class=\"listing-item\"><a class=\"title\" href=\"http:\/\/www.estb.be\/couturellem1b\/2022\/04\/16\/en-mars\/\">En mars&#8230;<\/a> <span class=\"excerpt-dash\">-<\/span> <span class=\"excerpt\">Lucas, Eliot et No\u00e9mie ont souffl\u00e9 leur quatri\u00e8me bougie \ud83d\ude42 Le 11 mars, nous sommes all\u00e9s, accompagn\u00e9s des \u00e9l\u00e8ves de Mme Amandine, visiter l&rsquo;\u00e9glise et rencontrer Mr le Cur\u00e9. D\u00e9couverte des vitraux, de la bible, de la sacristie, de l&rsquo;orgue dont Mr le Cur\u00e9 nous a jou\u00e9 un morceau, &#8230; Nous avons mang\u00e9 les bons [&hellip;]<\/span><\/li><li class=\"listing-item\"><a class=\"title\" href=\"http:\/\/www.estb.be\/couturellem1b\/2022\/03\/07\/en-fevrier\/\">En f\u00e9vrier&#8230;<\/a> <span class=\"excerpt-dash\">-<\/span> <span class=\"excerpt\">Les anniversaires Alya et Hortense ont souffl\u00e9 leur 4i\u00e8me bougie Nous continuons \u00e0 travailler sur les cercles et nous nous entra\u00eenons \u00e0 les tracer avec des craies dans la cour. Mercredi 2 f\u00e9vrier, dit chandeleur&#8230; dit cr\u00eapes !!! Merci Madame M\u00e9lanie pour les bonnes cr\u00eapes que nous avons ensuite personnalis\u00e9es en repr\u00e9sentant nos visages. 1re [&hellip;]<\/span><\/li><li class=\"listing-item\"><a class=\"title\" href=\"http:\/\/www.estb.be\/couturellem1b\/2022\/02\/03\/le-mois-de-janvier-a-ete-bien-charge\/\">Le mois de janvier a \u00e9t\u00e9 bien charg\u00e9 \ud83d\ude42<\/a> <span class=\"excerpt-dash\">-<\/span> <span class=\"excerpt\">Tout d&rsquo;abord, nous avons f\u00eat\u00e9 les 3 copains qui ont eu 4ans ce mois-ci. M\u00eame si nous sommes rentr\u00e9s le 10 janvier, nous avons quand m\u00eame f\u00eat\u00e9 l&rsquo;\u00e9piphanie et pr\u00e9par\u00e9 une bonne galette des rois. D\u00e9gustation des galettes le lendemain. Suspense &#8230;&#8230; Voici notre reine et notre roi \ud83d\ude42 Tous n&rsquo;ont pas trouv\u00e9 la f\u00e8ve [&hellip;]<\/span><\/li><li class=\"listing-item\"><a class=\"title\" href=\"http:\/\/www.estb.be\/couturellem1b\/2021\/12\/27\/decembre\/\">D\u00e9cembre<\/a> <span class=\"excerpt-dash\">-<\/span> <span class=\"excerpt\">Le mois de d\u00e9cembre rime avec cadeaux, paillettes, f\u00eates, chaleur,&#8230; Apr\u00e8s avoir bien d\u00e9compt\u00e9s les dodos, nous \u00e9tions enfin arriv\u00e9 au JOUR J. La venue de Saint Nicolas Nous avons \u00e9t\u00e9 tr\u00e8s g\u00e2t\u00e9s. nouveaux livres puzzle jeu de soci\u00e9t\u00e9 jeux de construction un seau de sable et des accessoires. Nous avons donc tous aid\u00e9 madame [&hellip;]<\/span><\/li><li class=\"listing-item\"><a class=\"title\" href=\"http:\/\/www.estb.be\/couturellem1b\/2021\/12\/02\/en-novembre\/\">En novembre&#8230;<\/a> <span class=\"excerpt-dash\">-<\/span> <span class=\"excerpt\">Le 16 novembre, recette et d\u00e9couverte de la transformation de grains de ma\u00efs en &#8230;pop corn !!! Miam miam, nous nous sommes r\u00e9gal\u00e9s. Le 19, c&rsquo;est des pommes de terre que nous transformons &#8230;en frites !!! Mmmmm, meilleurs que les tartines. Nous m\u00e9ritions bien notre assiette de frites, nous avons tous mis la main \u00e0 [&hellip;]<\/span><\/li><li class=\"listing-item\"><a class=\"title\" href=\"http:\/\/www.estb.be\/couturellem1b\/2021\/11\/04\/en-octobre\/\">En octobre&#8230;<\/a> <span class=\"excerpt-dash\">-<\/span> <span class=\"excerpt\">Nous avons tout d&rsquo;abord cuisin\u00e9 les belles pommes que nous avions cueillies dans le verger. Nous avons pr\u00e9par\u00e9 du crumble Nous l&rsquo;avons ensuite d\u00e9gust\u00e9 !!!! Mmmmmm, un d\u00e9lice D\u00e9but octobre, nous avons \u00e9galement re\u00e7u la maman de Diego qui est venue nous montrer son gros ventre. Lors de cette rencontre: nous avons pu toucher le [&hellip;]<\/span><\/li><li class=\"listing-item\"><a class=\"title\" href=\"http:\/\/www.estb.be\/couturellem1b\/2021\/10\/07\/notre-premier-mois-en-1ere-maternelle\/\">Notre premier mois en 1\u00e8re maternelle<\/a> <span class=\"excerpt-dash\">-<\/span> <span class=\"excerpt\">Nous pouvons dire que ce premier mois est pass\u00e9 \u00e0 toute vitesse. Nous avons d&rsquo;abord commenc\u00e9 par reprendre nos marques dans la classe, mis des choses en place pour passer une bonne ann\u00e9e les r\u00e8gles dans les diff\u00e9rents coins avec mise en place de colliers d\u00e9corer notre nouveau porte manteau peinture aux doigts pour d\u00e9corer [&hellip;]<\/span><\/li><\/ul>\n","protected":false},"excerpt":{"rendered":"","protected":false},"author":1,"featured_media":0,"parent":0,"menu_order":0,"comment_status":"closed","ping_status":"closed","template":"","meta":[],"_links":{"self":[{"href":"http:\/\/www.estb.be\/couturellem1b\/wp-json\/wp\/v2\/pages\/2"}],"collection":[{"href":"http:\/\/www.estb.be\/couturellem1b\/wp-json\/wp\/v2\/pages"}],"about":[{"href":"http:\/\/www.estb.be\/couturellem1b\/wp-json\/wp\/v2\/types\/page"}],"author":[{"embeddable":true,"href":"http:\/\/www.estb.be\/couturellem1b\/wp-json\/wp\/v2\/users\/1"}],"replies":[{"embeddable":true,"href":"http:\/\/www.estb.be\/couturellem1b\/wp-json\/wp\/v2\/comments?post=2"}],"version-history":[{"count":3,"href":"http:\/\/www.estb.be\/couturellem1b\/wp-json\/wp\/v2\/pages\/2\/revisions"}],"predecessor-version":[{"id":1051,"href":"http:\/\/www.estb.be\/couturellem1b\/wp-json\/wp\/v2\/pages\/2\/revisions\/1051"}],"wp:attachment":[{"href":"http:\/\/www.estb.be\/couturellem1b\/wp-json\/wp\/v2\/media?parent=2"}],"curies":[{"name":"wp","href":"https:\/\/api.w.org\/{rel}","templated":true}]}}